{"id":72,"date":"2025-12-18T21:36:20","date_gmt":"2025-12-18T21:36:20","guid":{"rendered":"https:\/\/divonnelectro2034.live-website.com\/?page_id=72"},"modified":"2026-03-30T18:25:53","modified_gmt":"2026-03-30T18:25:53","slug":"page-daccueil","status":"publish","type":"page","link":"https:\/\/divonnelectro.fr\/en","title":{"rendered":"Home page"},"content":{"rendered":"\t\t<div data-elementor-type=\"wp-page\" data-elementor-id=\"72\" class=\"elementor elementor-72\" data-elementor-post-type=\"page\">\n\t\t\t\t\t\t<section class=\"elementor-section elementor-top-section elementor-element elementor-element-52c4ed63 elementor-section-height-min-height elementor-section-boxed elementor-section-height-default elementor-section-items-middle wpr-particle-no wpr-jarallax-no wpr-parallax-no wpr-sticky-section-no\" data-id=\"52c4ed63\" data-element_type=\"section\" data-e-type=\"section\" data-settings=\"{&quot;background_background&quot;:&quot;video&quot;,&quot;background_motion_fx_scale_effect&quot;:&quot;yes&quot;,&quot;background_motion_fx_scale_speed&quot;:{&quot;unit&quot;:&quot;px&quot;,&quot;size&quot;:2,&quot;sizes&quot;:[]},&quot;background_video_link&quot;:&quot;https:\\\/\\\/divonnelectro.fr\\\/wp-content\\\/uploads\\\/2026\\\/02\\\/VID-20260129-WA0002.mp4&quot;,&quot;background_play_on_mobile&quot;:&quot;yes&quot;,&quot;background_motion_fx_scale_direction&quot;:&quot;out-in&quot;,&quot;background_motion_fx_scale_range&quot;:{&quot;unit&quot;:&quot;%&quot;,&quot;size&quot;:&quot;&quot;,&quot;sizes&quot;:{&quot;start&quot;:20,&quot;end&quot;:80}},&quot;background_motion_fx_devices&quot;:[&quot;desktop&quot;,&quot;tablet&quot;,&quot;mobile&quot;]}\">\n\t\t\t\t\t\t\t\t<div class=\"elementor-background-video-container\">\n\t\t\t\t\t\t\t\t\t\t\t\t\t<video class=\"elementor-background-video-hosted\" role=\"presentation\" autoplay muted playsinline loop><\/video>\n\t\t\t\t\t\t\t\t\t\t\t<\/div>\n\t\t\t\t\t\t\t\t\t<div class=\"elementor-background-overlay\"><\/div>\n\t\t\t\t\t\t\t<div class=\"elementor-container elementor-column-gap-default\">\n\t\t\t\t\t<div class=\"elementor-column elementor-col-100 elementor-top-column elementor-element elementor-element-58af5d56\" data-id=\"58af5d56\" data-element_type=\"column\" data-e-type=\"column\">\n\t\t\t<div class=\"elementor-widget-wrap elementor-element-populated\">\n\t\t\t\t\t\t<div class=\"elementor-element elementor-element-6f6a24ed animated-fast elementor-invisible elementor-widget elementor-widget-heading\" data-id=\"6f6a24ed\" data-element_type=\"widget\" data-e-type=\"widget\" data-settings=\"{&quot;_animation&quot;:&quot;fadeInDown&quot;}\" data-widget_type=\"heading.default\">\n\t\t\t\t<div class=\"elementor-widget-container\">\n\t\t\t\t\t<h1 class=\"elementor-heading-title elementor-size-default\">Divonnelectro<\/h1>\t\t\t\t<\/div>\n\t\t\t\t<\/div>\n\t\t\t\t<div class=\"elementor-element elementor-element-10a50c5e animated-fast elementor-invisible elementor-widget elementor-widget-heading\" data-id=\"10a50c5e\" data-element_type=\"widget\" data-e-type=\"widget\" data-settings=\"{&quot;_animation&quot;:&quot;fadeIn&quot;,&quot;_animation_delay&quot;:100}\" data-widget_type=\"heading.default\">\n\t\t\t\t<div class=\"elementor-widget-container\">\n\t\t\t\t\t<h2 class=\"elementor-heading-title elementor-size-default\">Portes ouvertes tous les dimanches de 10h \u00e0 12h de mars \u00e0 novembre\net visites de groupes sur demande\n<\/h2>\t\t\t\t<\/div>\n\t\t\t\t<\/div>\n\t\t\t\t<div class=\"elementor-element elementor-element-673ddc3 animated-fast elementor-align-center elementor-invisible elementor-widget elementor-widget-button\" data-id=\"673ddc3\" data-element_type=\"widget\" data-e-type=\"widget\" data-settings=\"{&quot;_animation&quot;:&quot;fadeInUp&quot;,&quot;_animation_tablet&quot;:&quot;fadeInDown&quot;}\" data-widget_type=\"button.default\">\n\t\t\t\t<div class=\"elementor-widget-container\">\n\t\t\t\t\t\t\t\t\t<div class=\"elementor-button-wrapper\">\n\t\t\t\t\t<a class=\"elementor-button elementor-button-link elementor-size-sm\" href=\"https:\/\/divonnelectro.fr\/contact\/\">\n\t\t\t\t\t\t<span class=\"elementor-button-content-wrapper\">\n\t\t\t\t\t\t\t\t\t<span class=\"elementor-button-text\">Contactez-nous<\/span>\n\t\t\t\t\t<\/span>\n\t\t\t\t\t<\/a>\n\t\t\t\t<\/div>\n\t\t\t\t\t\t\t\t<\/div>\n\t\t\t\t<\/div>\n\t\t\t\t\t<\/div>\n\t\t<\/div>\n\t\t\t\t\t<\/div>\n\t\t<\/section>\n\t\t\t\t<section class=\"elementor-section elementor-top-section elementor-element elementor-element-7e308c4e elementor-section-boxed elementor-section-height-default elementor-section-height-default wpr-particle-no wpr-jarallax-no wpr-parallax-no wpr-sticky-section-no\" data-id=\"7e308c4e\" data-element_type=\"section\" data-e-type=\"section\" data-settings=\"{&quot;background_background&quot;:&quot;classic&quot;}\">\n\t\t\t\t\t\t<div class=\"elementor-container elementor-column-gap-default\">\n\t\t\t\t\t<div class=\"elementor-column elementor-col-50 elementor-top-column elementor-element elementor-element-6592dec3\" data-id=\"6592dec3\" data-element_type=\"column\" data-e-type=\"column\">\n\t\t\t<div class=\"elementor-widget-wrap elementor-element-populated\">\n\t\t\t\t\t\t<div class=\"elementor-element elementor-element-2e5747d animated-fast elementor-invisible elementor-widget elementor-widget-text-editor\" data-id=\"2e5747d\" data-element_type=\"widget\" data-e-type=\"widget\" data-settings=\"{&quot;_animation&quot;:&quot;fadeIn&quot;,&quot;_animation_delay&quot;:300}\" data-widget_type=\"text-editor.default\">\n\t\t\t\t<div class=\"elementor-widget-container\">\n\t\t\t\t\t\t\t\t\t<p><span style=\"font-weight: 400;\">Ancien moulin a bl\u00e9, situ\u00e9 au centre de Divonne-les \u2013Bains sur un canal de d\u00e9rivation de la Divonne-Versoix, le Moulin David est devenu \u00e0 la fin du XIX\u00e8me si\u00e8cle l\u2019usine hydro\u00e9lectrique de la Soci\u00e9t\u00e9 des bains. Il a \u00e9t\u00e9 sauv\u00e9 de la destruction et remis en \u00e9tat de fonctionnement par l\u2019association Divonnelectro.<\/span><\/p>\t\t\t\t\t\t\t\t<\/div>\n\t\t\t\t<\/div>\n\t\t\t\t<div class=\"elementor-element elementor-element-354e4368 animated-fast elementor-align-left elementor-widget__width-inherit elementor-mobile-align-center elementor-invisible elementor-widget elementor-widget-button\" data-id=\"354e4368\" data-element_type=\"widget\" data-e-type=\"widget\" data-settings=\"{&quot;_animation&quot;:&quot;fadeIn&quot;,&quot;_animation_delay&quot;:500}\" data-widget_type=\"button.default\">\n\t\t\t\t<div class=\"elementor-widget-container\">\n\t\t\t\t\t\t\t\t\t<div class=\"elementor-button-wrapper\">\n\t\t\t\t\t<a class=\"elementor-button elementor-button-link elementor-size-sm\" href=\"https:\/\/divonnelectro2034.live-website.com\/histoire\/\">\n\t\t\t\t\t\t<span class=\"elementor-button-content-wrapper\">\n\t\t\t\t\t\t\t\t\t<span class=\"elementor-button-text\">En savoir plus<\/span>\n\t\t\t\t\t<\/span>\n\t\t\t\t\t<\/a>\n\t\t\t\t<\/div>\n\t\t\t\t\t\t\t\t<\/div>\n\t\t\t\t<\/div>\n\t\t<div class=\"elementor-element elementor-element-fef7eb0 e-grid e-con-boxed wpr-particle-no wpr-jarallax-no wpr-parallax-no wpr-sticky-section-no e-con e-parent\" data-id=\"fef7eb0\" data-element_type=\"container\" data-e-type=\"container\" data-settings=\"{&quot;background_background&quot;:&quot;classic&quot;}\">\n\t\t\t\t\t<div class=\"e-con-inner\">\n\t\t\t\t<div class=\"elementor-element elementor-element-b8ca904 elementor-widget elementor-widget-image\" data-id=\"b8ca904\" data-element_type=\"widget\" data-e-type=\"widget\" data-widget_type=\"image.default\">\n\t\t\t\t<div class=\"elementor-widget-container\">\n\t\t\t\t\t\t\t\t\t\t\t\t\t\t\t<img loading=\"lazy\" decoding=\"async\" width=\"544\" height=\"768\" src=\"https:\/\/divonnelectro.fr\/wp-content\/uploads\/2025\/12\/PNR_Haut_Jura_quadri.png\" class=\"attachment-large size-large wp-image-105\" alt=\"\" srcset=\"https:\/\/divonnelectro.fr\/wp-content\/uploads\/2025\/12\/PNR_Haut_Jura_quadri.png 544w, https:\/\/divonnelectro.fr\/wp-content\/uploads\/2025\/12\/PNR_Haut_Jura_quadri-213x300.png 213w\" sizes=\"auto, (max-width: 544px) 100vw, 544px\" \/>\t\t\t\t\t\t\t\t\t\t\t\t\t\t\t<\/div>\n\t\t\t\t<\/div>\n\t\t\t\t<div class=\"elementor-element elementor-element-ac2c78a elementor-widget elementor-widget-image\" data-id=\"ac2c78a\" data-element_type=\"widget\" data-e-type=\"widget\" data-widget_type=\"image.default\">\n\t\t\t\t<div class=\"elementor-widget-container\">\n\t\t\t\t\t\t\t\t\t\t\t\t\t\t\t<img loading=\"lazy\" decoding=\"async\" width=\"644\" height=\"295\" src=\"https:\/\/divonnelectro.fr\/wp-content\/uploads\/2025\/12\/0-logo-patrimoine-aurhalpin-1.png\" class=\"attachment-large size-large wp-image-107\" alt=\"\" srcset=\"https:\/\/divonnelectro.fr\/wp-content\/uploads\/2025\/12\/0-logo-patrimoine-aurhalpin-1.png 644w, https:\/\/divonnelectro.fr\/wp-content\/uploads\/2025\/12\/0-logo-patrimoine-aurhalpin-1-300x137.png 300w, https:\/\/divonnelectro.fr\/wp-content\/uploads\/2025\/12\/0-logo-patrimoine-aurhalpin-1-600x275.png 600w\" sizes=\"auto, (max-width: 644px) 100vw, 644px\" \/>\t\t\t\t\t\t\t\t\t\t\t\t\t\t\t<\/div>\n\t\t\t\t<\/div>\n\t\t\t\t<div class=\"elementor-element elementor-element-125d5e3 elementor-widget elementor-widget-image\" data-id=\"125d5e3\" data-element_type=\"widget\" data-e-type=\"widget\" data-widget_type=\"image.default\">\n\t\t\t\t<div class=\"elementor-widget-container\">\n\t\t\t\t\t\t\t\t\t\t\t\t\t\t\t<img loading=\"lazy\" decoding=\"async\" width=\"348\" height=\"145\" src=\"https:\/\/divonnelectro.fr\/wp-content\/uploads\/2026\/02\/Logo-Divonne.png\" class=\"attachment-large size-large wp-image-713\" alt=\"\" srcset=\"https:\/\/divonnelectro.fr\/wp-content\/uploads\/2026\/02\/Logo-Divonne.png 348w, https:\/\/divonnelectro.fr\/wp-content\/uploads\/2026\/02\/Logo-Divonne-300x125.png 300w, https:\/\/divonnelectro.fr\/wp-content\/uploads\/2026\/02\/Logo-Divonne-18x8.png 18w\" sizes=\"auto, (max-width: 348px) 100vw, 348px\" \/>\t\t\t\t\t\t\t\t\t\t\t\t\t\t\t<\/div>\n\t\t\t\t<\/div>\n\t\t\t\t<div class=\"elementor-element elementor-element-56185df elementor-widget elementor-widget-image\" data-id=\"56185df\" data-element_type=\"widget\" data-e-type=\"widget\" data-widget_type=\"image.default\">\n\t\t\t\t<div class=\"elementor-widget-container\">\n\t\t\t\t\t\t\t\t\t\t\t\t\t\t\t<img loading=\"lazy\" decoding=\"async\" width=\"200\" height=\"200\" src=\"https:\/\/divonnelectro.fr\/wp-content\/uploads\/2026\/02\/LOGO-SIG-Geneve.png\" class=\"attachment-large size-large wp-image-714\" alt=\"\" srcset=\"https:\/\/divonnelectro.fr\/wp-content\/uploads\/2026\/02\/LOGO-SIG-Geneve.png 200w, https:\/\/divonnelectro.fr\/wp-content\/uploads\/2026\/02\/LOGO-SIG-Geneve-150x150.png 150w, https:\/\/divonnelectro.fr\/wp-content\/uploads\/2026\/02\/LOGO-SIG-Geneve-12x12.png 12w, https:\/\/divonnelectro.fr\/wp-content\/uploads\/2026\/02\/LOGO-SIG-Geneve-100x100.png 100w\" sizes=\"auto, (max-width: 200px) 100vw, 200px\" \/>\t\t\t\t\t\t\t\t\t\t\t\t\t\t\t<\/div>\n\t\t\t\t<\/div>\n\t\t\t\t<div class=\"elementor-element elementor-element-f686bbd elementor-widget elementor-widget-image\" data-id=\"f686bbd\" data-element_type=\"widget\" data-e-type=\"widget\" data-widget_type=\"image.default\">\n\t\t\t\t<div class=\"elementor-widget-container\">\n\t\t\t\t\t\t\t\t\t\t\t\t\t\t\t<img loading=\"lazy\" decoding=\"async\" width=\"601\" height=\"600\" src=\"https:\/\/divonnelectro.fr\/wp-content\/uploads\/2026\/02\/Logo_CERN.jpg\" class=\"attachment-large size-large wp-image-711\" alt=\"\" srcset=\"https:\/\/divonnelectro.fr\/wp-content\/uploads\/2026\/02\/Logo_CERN.jpg 601w, https:\/\/divonnelectro.fr\/wp-content\/uploads\/2026\/02\/Logo_CERN-300x300.jpg 300w, https:\/\/divonnelectro.fr\/wp-content\/uploads\/2026\/02\/Logo_CERN-150x150.jpg 150w, https:\/\/divonnelectro.fr\/wp-content\/uploads\/2026\/02\/Logo_CERN-12x12.jpg 12w, https:\/\/divonnelectro.fr\/wp-content\/uploads\/2026\/02\/Logo_CERN-100x100.jpg 100w\" sizes=\"auto, (max-width: 601px) 100vw, 601px\" \/>\t\t\t\t\t\t\t\t\t\t\t\t\t\t\t<\/div>\n\t\t\t\t<\/div>\n\t\t\t\t<div class=\"elementor-element elementor-element-fae491a elementor-widget elementor-widget-image\" data-id=\"fae491a\" data-element_type=\"widget\" data-e-type=\"widget\" data-widget_type=\"image.default\">\n\t\t\t\t<div class=\"elementor-widget-container\">\n\t\t\t\t\t\t\t\t\t\t\t\t\t\t\t<img loading=\"lazy\" decoding=\"async\" width=\"800\" height=\"413\" src=\"https:\/\/divonnelectro.fr\/wp-content\/uploads\/2026\/02\/logo-ain-noir-2018-1024x528.png\" class=\"attachment-large size-large wp-image-715\" alt=\"\" srcset=\"https:\/\/divonnelectro.fr\/wp-content\/uploads\/2026\/02\/logo-ain-noir-2018-1024x528.png 1024w, https:\/\/divonnelectro.fr\/wp-content\/uploads\/2026\/02\/logo-ain-noir-2018-300x155.png 300w, https:\/\/divonnelectro.fr\/wp-content\/uploads\/2026\/02\/logo-ain-noir-2018-768x396.png 768w, https:\/\/divonnelectro.fr\/wp-content\/uploads\/2026\/02\/logo-ain-noir-2018-18x9.png 18w, https:\/\/divonnelectro.fr\/wp-content\/uploads\/2026\/02\/logo-ain-noir-2018-600x309.png 600w, https:\/\/divonnelectro.fr\/wp-content\/uploads\/2026\/02\/logo-ain-noir-2018.png 1500w\" sizes=\"auto, (max-width: 800px) 100vw, 800px\" \/>\t\t\t\t\t\t\t\t\t\t\t\t\t\t\t<\/div>\n\t\t\t\t<\/div>\n\t\t\t\t\t<\/div>\n\t\t\t\t<\/div>\n\t\t\t\t<div class=\"elementor-element elementor-element-5f840e16 elementor-widget__width-auto elementor-absolute elementor-hidden-phone elementor-widget elementor-widget-image\" data-id=\"5f840e16\" data-element_type=\"widget\" data-e-type=\"widget\" data-settings=\"{&quot;motion_fx_motion_fx_mouse&quot;:&quot;yes&quot;,&quot;motion_fx_tilt_effect&quot;:&quot;yes&quot;,&quot;motion_fx_tilt_speed&quot;:{&quot;unit&quot;:&quot;px&quot;,&quot;size&quot;:1.5,&quot;sizes&quot;:[]},&quot;_position&quot;:&quot;absolute&quot;}\" data-widget_type=\"image.default\">\n\t\t\t\t<div class=\"elementor-widget-container\">\n\t\t\t\t\t\t\t\t\t\t\t\t\t\t\t<img decoding=\"async\" src=\"https:\/\/divonnelectro.fr\/wp-content\/uploads\/elementor\/thumbs\/decor-about3-rgcudgeeu9wqksqnfglumw945o4ii15nrhzv5356je.png\" title=\"decor-about3.png\" alt=\"decor-about3.png\" loading=\"lazy\" \/>\t\t\t\t\t\t\t\t\t\t\t\t\t\t\t<\/div>\n\t\t\t\t<\/div>\n\t\t\t\t\t<\/div>\n\t\t<\/div>\n\t\t\t\t<div class=\"elementor-column elementor-col-50 elementor-top-column elementor-element elementor-element-137d09f8 elementor-invisible\" data-id=\"137d09f8\" data-element_type=\"column\" data-e-type=\"column\" data-settings=\"{&quot;animation&quot;:&quot;fadeInRight&quot;}\">\n\t\t\t<div class=\"elementor-widget-wrap elementor-element-populated\">\n\t\t\t\t\t\t<div class=\"elementor-element elementor-element-a79e190 elementor-widget elementor-widget-image\" data-id=\"a79e190\" data-element_type=\"widget\" data-e-type=\"widget\" data-widget_type=\"image.default\">\n\t\t\t\t<div class=\"elementor-widget-container\">\n\t\t\t\t\t\t\t\t\t\t\t\t\t\t\t<img loading=\"lazy\" decoding=\"async\" width=\"800\" height=\"479\" src=\"https:\/\/divonnelectro.fr\/wp-content\/uploads\/2025\/12\/Moulin-David-cote-alpes-1024x613.jpg\" class=\"attachment-large size-large wp-image-98\" alt=\"\" srcset=\"https:\/\/divonnelectro.fr\/wp-content\/uploads\/2025\/12\/Moulin-David-cote-alpes-1024x613.jpg 1024w, https:\/\/divonnelectro.fr\/wp-content\/uploads\/2025\/12\/Moulin-David-cote-alpes-300x180.jpg 300w, https:\/\/divonnelectro.fr\/wp-content\/uploads\/2025\/12\/Moulin-David-cote-alpes-768x460.jpg 768w, https:\/\/divonnelectro.fr\/wp-content\/uploads\/2025\/12\/Moulin-David-cote-alpes-1536x920.jpg 1536w, https:\/\/divonnelectro.fr\/wp-content\/uploads\/2025\/12\/Moulin-David-cote-alpes-2048x1227.jpg 2048w, https:\/\/divonnelectro.fr\/wp-content\/uploads\/2025\/12\/Moulin-David-cote-alpes-600x359.jpg 600w\" sizes=\"auto, (max-width: 800px) 100vw, 800px\" \/>\t\t\t\t\t\t\t\t\t\t\t\t\t\t\t<\/div>\n\t\t\t\t<\/div>\n\t\t\t\t<div class=\"elementor-element elementor-element-229783c elementor-widget elementor-widget-image\" data-id=\"229783c\" data-element_type=\"widget\" data-e-type=\"widget\" data-widget_type=\"image.default\">\n\t\t\t\t<div class=\"elementor-widget-container\">\n\t\t\t\t\t\t\t\t\t\t\t\t\t\t\t<img loading=\"lazy\" decoding=\"async\" width=\"800\" height=\"600\" src=\"https:\/\/divonnelectro.fr\/wp-content\/uploads\/2025\/12\/Moulin-David.Canal-damenee-du-moulin-avec-la-Divonne-Versoix-1-1024x768.jpg\" class=\"attachment-large size-large wp-image-99\" alt=\"\" srcset=\"https:\/\/divonnelectro.fr\/wp-content\/uploads\/2025\/12\/Moulin-David.Canal-damenee-du-moulin-avec-la-Divonne-Versoix-1-1024x768.jpg 1024w, https:\/\/divonnelectro.fr\/wp-content\/uploads\/2025\/12\/Moulin-David.Canal-damenee-du-moulin-avec-la-Divonne-Versoix-1-300x225.jpg 300w, https:\/\/divonnelectro.fr\/wp-content\/uploads\/2025\/12\/Moulin-David.Canal-damenee-du-moulin-avec-la-Divonne-Versoix-1-768x576.jpg 768w, https:\/\/divonnelectro.fr\/wp-content\/uploads\/2025\/12\/Moulin-David.Canal-damenee-du-moulin-avec-la-Divonne-Versoix-1-600x450.jpg 600w, https:\/\/divonnelectro.fr\/wp-content\/uploads\/2025\/12\/Moulin-David.Canal-damenee-du-moulin-avec-la-Divonne-Versoix-1.jpg 1066w\" sizes=\"auto, (max-width: 800px) 100vw, 800px\" \/>\t\t\t\t\t\t\t\t\t\t\t\t\t\t\t<\/div>\n\t\t\t\t<\/div>\n\t\t\t\t\t<\/div>\n\t\t<\/div>\n\t\t\t\t\t<\/div>\n\t\t<\/section>\n\t\t\t\t<\/div>\n\t\t","protected":false},"excerpt":{"rendered":"<p>Divonnelectro Open house every Sunday from 10am to 12pm from March to November and group visits on request Contact us A former wheat mill, located in the centre of Divonne-les-Bains on a diversion canal of the Divonne-Versoix river, the Moulin David became the hydroelectric plant of the Soci\u00e9t\u00e9 des bains at the end of the 19th century. It was saved from destruction and restored to working order by the Divonnelectro association. To find out more<\/p>","protected":false},"author":1,"featured_media":0,"parent":0,"menu_order":0,"comment_status":"closed","ping_status":"closed","template":"","meta":{"footnotes":""},"class_list":["post-72","page","type-page","status-publish","hentry"],"_links":{"self":[{"href":"https:\/\/divonnelectro.fr\/en\/wp-json\/wp\/v2\/pages\/72","targetHints":{"allow":["GET"]}}],"collection":[{"href":"https:\/\/divonnelectro.fr\/en\/wp-json\/wp\/v2\/pages"}],"about":[{"href":"https:\/\/divonnelectro.fr\/en\/wp-json\/wp\/v2\/types\/page"}],"author":[{"embeddable":true,"href":"https:\/\/divonnelectro.fr\/en\/wp-json\/wp\/v2\/users\/1"}],"replies":[{"embeddable":true,"href":"https:\/\/divonnelectro.fr\/en\/wp-json\/wp\/v2\/comments?post=72"}],"version-history":[{"count":98,"href":"https:\/\/divonnelectro.fr\/en\/wp-json\/wp\/v2\/pages\/72\/revisions"}],"predecessor-version":[{"id":929,"href":"https:\/\/divonnelectro.fr\/en\/wp-json\/wp\/v2\/pages\/72\/revisions\/929"}],"wp:attachment":[{"href":"https:\/\/divonnelectro.fr\/en\/wp-json\/wp\/v2\/media?parent=72"}],"curies":[{"name":"wp","href":"https:\/\/api.w.org\/{rel}","templated":true}]}}