{"id":209,"date":"2025-12-21T12:38:34","date_gmt":"2025-12-21T12:38:34","guid":{"rendered":"https:\/\/divonnelectro2034.live-website.com\/?page_id=209"},"modified":"2026-04-11T12:19:37","modified_gmt":"2026-04-11T12:19:37","slug":"educational-tours","status":"publish","type":"page","link":"https:\/\/divonnelectro.fr\/en\/educational-tours\/","title":{"rendered":"Educational visits"},"content":{"rendered":"\t\t<div data-elementor-type=\"wp-page\" data-elementor-id=\"209\" class=\"elementor elementor-209\" data-elementor-post-type=\"page\">\n\t\t\t\t\t\t<section class=\"elementor-section elementor-top-section elementor-element elementor-element-56335d4 elementor-section-boxed elementor-section-height-default elementor-section-height-default wpr-particle-no wpr-jarallax-no wpr-parallax-no wpr-sticky-section-no\" data-id=\"56335d4\" data-element_type=\"section\" data-e-type=\"section\" data-settings=\"{&quot;background_background&quot;:&quot;classic&quot;,&quot;background_motion_fx_motion_fx_scrolling&quot;:&quot;yes&quot;,&quot;background_motion_fx_scale_effect&quot;:&quot;yes&quot;,&quot;background_motion_fx_scale_speed&quot;:{&quot;unit&quot;:&quot;px&quot;,&quot;size&quot;:2,&quot;sizes&quot;:[]},&quot;background_motion_fx_scale_direction&quot;:&quot;out-in&quot;,&quot;background_motion_fx_scale_range&quot;:{&quot;unit&quot;:&quot;%&quot;,&quot;size&quot;:&quot;&quot;,&quot;sizes&quot;:{&quot;start&quot;:20,&quot;end&quot;:80}},&quot;background_motion_fx_devices&quot;:[&quot;desktop&quot;,&quot;tablet&quot;,&quot;mobile&quot;]}\">\n\t\t\t\t\t\t\t<div class=\"elementor-background-overlay\"><\/div>\n\t\t\t\t\t\t\t<div class=\"elementor-container elementor-column-gap-default\">\n\t\t\t\t\t<div class=\"elementor-column elementor-col-100 elementor-top-column elementor-element elementor-element-c4b1ffa\" data-id=\"c4b1ffa\" data-element_type=\"column\" data-e-type=\"column\">\n\t\t\t<div class=\"elementor-widget-wrap elementor-element-populated\">\n\t\t\t\t\t\t\t<\/div>\n\t\t<\/div>\n\t\t\t\t\t<\/div>\n\t\t<\/section>\n\t\t\t\t<section class=\"elementor-section elementor-top-section elementor-element elementor-element-14589f3d elementor-section-boxed elementor-section-height-default elementor-section-height-default wpr-particle-no wpr-jarallax-no wpr-parallax-no wpr-sticky-section-no\" data-id=\"14589f3d\" data-element_type=\"section\" data-e-type=\"section\" data-settings=\"{&quot;background_background&quot;:&quot;classic&quot;}\">\n\t\t\t\t\t\t<div class=\"elementor-container elementor-column-gap-default\">\n\t\t\t\t\t<div class=\"elementor-column elementor-col-100 elementor-top-column elementor-element elementor-element-58077f22\" data-id=\"58077f22\" data-element_type=\"column\" data-e-type=\"column\">\n\t\t\t<div class=\"elementor-widget-wrap elementor-element-populated\">\n\t\t\t\t\t\t<div class=\"elementor-element elementor-element-76059d90 animated-fast elementor-invisible elementor-widget elementor-widget-text-editor\" data-id=\"76059d90\" data-element_type=\"widget\" data-e-type=\"widget\" data-settings=\"{&quot;_animation&quot;:&quot;fadeInUp&quot;,&quot;_animation_delay&quot;:300}\" data-widget_type=\"text-editor.default\">\n\t\t\t\t<div class=\"elementor-widget-container\">\n\t\t\t\t\t\t\t\t\t<p><span style=\"font-weight: 400;\">Lors de visites au Moulin David, nous avons remarqu\u00e9 l\u2019int\u00e9r\u00eat de beaucoup d\u2019enfants pour la production d\u2019\u00e9lectricit\u00e9 en live. Nous avons donc mis en place un atelier p\u00e9dagogique et ludique pour leur faire d\u00e9couvrir la magie de l\u2019\u00e9lectricit\u00e9.<\/span><\/p>\t\t\t\t\t\t\t\t<\/div>\n\t\t\t\t<\/div>\n\t\t\t\t<div class=\"elementor-element elementor-element-4910d01 elementor-widget__width-initial elementor-widget elementor-widget-heading\" data-id=\"4910d01\" data-element_type=\"widget\" data-e-type=\"widget\" data-widget_type=\"heading.default\">\n\t\t\t\t<div class=\"elementor-widget-container\">\n\t\t\t\t\t<h2 class=\"elementor-heading-title elementor-size-default\">Enfants, professeurs et animateurs, venez nous voir!<\/h2>\t\t\t\t<\/div>\n\t\t\t\t<\/div>\n\t\t\t\t<div class=\"elementor-element elementor-element-7d9cfab animated-fast elementor-invisible elementor-widget elementor-widget-text-editor\" data-id=\"7d9cfab\" data-element_type=\"widget\" data-e-type=\"widget\" data-settings=\"{&quot;_animation&quot;:&quot;fadeInUp&quot;,&quot;_animation_delay&quot;:300}\" data-widget_type=\"text-editor.default\">\n\t\t\t\t<div class=\"elementor-widget-container\">\n\t\t\t\t\t\t\t\t\t<p><span style=\"font-weight: 400;\">Sur place au Moulin David les b\u00e9n\u00e9voles de l\u2019association Divonnelectro pr\u00e9sentent des d\u00e9monstrations et exp\u00e9riences\u00a0 interactives sur:<\/span><\/p><ul><li><span style=\"font-weight: 400;\">l\u2019eau et les moulins<\/span><\/li><li>les transferts et conversions d\u2019\u00e9nergie,<\/li><li>l\u2019\u00e9lectricit\u00e9<\/li><li>et l\u2019hydro\u00e9lectricit\u00e9.\u00a0<\/li><\/ul>\t\t\t\t\t\t\t\t<\/div>\n\t\t\t\t<\/div>\n\t\t\t\t\t<\/div>\n\t\t<\/div>\n\t\t\t\t\t<\/div>\n\t\t<\/section>\n\t\t\t\t<section class=\"elementor-section elementor-top-section elementor-element elementor-element-795abb6c elementor-section-boxed elementor-section-height-default elementor-section-height-default wpr-particle-no wpr-jarallax-no wpr-parallax-no wpr-sticky-section-no\" data-id=\"795abb6c\" data-element_type=\"section\" data-e-type=\"section\" data-settings=\"{&quot;background_background&quot;:&quot;classic&quot;}\">\n\t\t\t\t\t\t<div class=\"elementor-container elementor-column-gap-default\">\n\t\t\t\t\t<div class=\"elementor-column elementor-col-50 elementor-top-column elementor-element elementor-element-505b6e85\" data-id=\"505b6e85\" data-element_type=\"column\" data-e-type=\"column\">\n\t\t\t<div class=\"elementor-widget-wrap elementor-element-populated\">\n\t\t\t\t\t\t<div class=\"elementor-element elementor-element-30c7efd elementor-widget__width-initial elementor-widget elementor-widget-heading\" data-id=\"30c7efd\" data-element_type=\"widget\" data-e-type=\"widget\" data-widget_type=\"heading.default\">\n\t\t\t\t<div class=\"elementor-widget-container\">\n\t\t\t\t\t<h2 class=\"elementor-heading-title elementor-size-default\">Initiation des jeunes \u00e0 l'\u00e9lectricit\u00e9 et \u00e0 la m\u00e9canique des moulins<\/h2>\t\t\t\t<\/div>\n\t\t\t\t<\/div>\n\t\t\t\t<div class=\"elementor-element elementor-element-79930be3 animated-fast elementor-invisible elementor-widget elementor-widget-text-editor\" data-id=\"79930be3\" data-element_type=\"widget\" data-e-type=\"widget\" data-settings=\"{&quot;_animation&quot;:&quot;fadeInUp&quot;,&quot;_animation_delay&quot;:300}\" data-widget_type=\"text-editor.default\">\n\t\t\t\t<div class=\"elementor-widget-container\">\n\t\t\t\t\t\t\t\t\t<p><span style=\"font-weight: 400;\">De splendides maquettes interactives ont \u00e9t\u00e9 confectionn\u00e9es sp\u00e9cialement pour voir et comprendre le principe de fonctionnement\u00a0 d\u2019un moulin.<\/span><\/p>\t\t\t\t\t\t\t\t<\/div>\n\t\t\t\t<\/div>\n\t\t\t\t\t<\/div>\n\t\t<\/div>\n\t\t\t\t<div class=\"elementor-column elementor-col-50 elementor-top-column elementor-element elementor-element-2228ca21\" data-id=\"2228ca21\" data-element_type=\"column\" data-e-type=\"column\">\n\t\t\t<div class=\"elementor-widget-wrap elementor-element-populated\">\n\t\t\t\t\t\t<div class=\"elementor-element elementor-element-10bfe42a animated-fast elementor-invisible elementor-widget elementor-widget-spacer\" data-id=\"10bfe42a\" data-element_type=\"widget\" data-e-type=\"widget\" data-settings=\"{&quot;_animation&quot;:&quot;fadeInRight&quot;,&quot;_animation_delay&quot;:400}\" data-widget_type=\"spacer.default\">\n\t\t\t\t<div class=\"elementor-widget-container\">\n\t\t\t\t\t\t\t<div class=\"elementor-spacer\">\n\t\t\t<div class=\"elementor-spacer-inner\"><\/div>\n\t\t<\/div>\n\t\t\t\t\t\t<\/div>\n\t\t\t\t<\/div>\n\t\t\t\t\t<\/div>\n\t\t<\/div>\n\t\t\t\t\t<\/div>\n\t\t<\/section>\n\t\t<div class=\"elementor-element elementor-element-3224f91 e-flex e-con-boxed wpr-particle-no wpr-jarallax-no wpr-parallax-no wpr-sticky-section-no e-con e-parent\" data-id=\"3224f91\" data-element_type=\"container\" data-e-type=\"container\">\n\t\t\t\t\t<div class=\"e-con-inner\">\n\t\t<div class=\"elementor-element elementor-element-f46bcc6 e-con-full e-flex wpr-particle-no wpr-jarallax-no wpr-parallax-no wpr-sticky-section-no e-con e-child\" data-id=\"f46bcc6\" data-element_type=\"container\" data-e-type=\"container\">\n\t\t\t\t<div class=\"elementor-element elementor-element-b5be56d elementor-widget elementor-widget-image\" data-id=\"b5be56d\" data-element_type=\"widget\" data-e-type=\"widget\" data-widget_type=\"image.default\">\n\t\t\t\t<div class=\"elementor-widget-container\">\n\t\t\t\t\t\t\t\t\t\t\t\t\t\t\t<img decoding=\"async\" src=\"https:\/\/divonnelectro.fr\/wp-content\/uploads\/elementor\/thumbs\/pico-hydro-rgheky7osbqtjkhemar1riga4xtv7bx2kkk0tq4ycg.jpg\" title=\"pico hydro\" alt=\"pico hydro\" loading=\"lazy\" \/>\t\t\t\t\t\t\t\t\t\t\t\t\t\t\t<\/div>\n\t\t\t\t<\/div>\n\t\t\t\t<\/div>\n\t\t<div class=\"elementor-element elementor-element-cf40a2d e-con-full e-flex wpr-particle-no wpr-jarallax-no wpr-parallax-no wpr-sticky-section-no e-con e-child\" data-id=\"cf40a2d\" data-element_type=\"container\" data-e-type=\"container\">\n\t\t\t\t<div class=\"elementor-element elementor-element-8f19701 elementor-widget elementor-widget-image\" data-id=\"8f19701\" data-element_type=\"widget\" data-e-type=\"widget\" data-widget_type=\"image.default\">\n\t\t\t\t<div class=\"elementor-widget-container\">\n\t\t\t\t\t\t\t\t\t\t\t\t\t\t\t<img decoding=\"async\" src=\"https:\/\/divonnelectro.fr\/wp-content\/uploads\/elementor\/thumbs\/20240915_110537-1-scaled-rgheq1i7t0pqfj35vzzarq75z2qfwb4q9rrpeol6n4.jpg\" title=\"20240915_110537\" alt=\"20240915_110537\" loading=\"lazy\" \/>\t\t\t\t\t\t\t\t\t\t\t\t\t\t\t<\/div>\n\t\t\t\t<\/div>\n\t\t\t\t<\/div>\n\t\t<div class=\"elementor-element elementor-element-ed65abd e-con-full e-flex wpr-particle-no wpr-jarallax-no wpr-parallax-no wpr-sticky-section-no e-con e-child\" data-id=\"ed65abd\" data-element_type=\"container\" data-e-type=\"container\">\n\t\t\t\t<div class=\"elementor-element elementor-element-8927243 elementor-widget elementor-widget-image\" data-id=\"8927243\" data-element_type=\"widget\" data-e-type=\"widget\" data-widget_type=\"image.default\">\n\t\t\t\t<div class=\"elementor-widget-container\">\n\t\t\t\t\t\t\t\t\t\t\t\t\t\t\t<img decoding=\"async\" src=\"https:\/\/divonnelectro.fr\/wp-content\/uploads\/elementor\/thumbs\/20240915_110646-1-scaled-rgheq4bqditlecz2fj76h7hjr8cjjefxa5q5uih04g.jpg\" title=\"20240915_110646\" alt=\"20240915_110646\" loading=\"lazy\" \/>\t\t\t\t\t\t\t\t\t\t\t\t\t\t\t<\/div>\n\t\t\t\t<\/div>\n\t\t\t\t<\/div>\n\t\t\t\t\t<\/div>\n\t\t\t\t<\/div>\n\t\t<div class=\"elementor-element elementor-element-a078edf e-flex e-con-boxed wpr-particle-no wpr-jarallax-no wpr-parallax-no wpr-sticky-section-no e-con e-parent\" data-id=\"a078edf\" data-element_type=\"container\" data-e-type=\"container\">\n\t\t\t\t\t<div class=\"e-con-inner\">\n\t\t<div class=\"elementor-element elementor-element-0886582 e-con-full e-flex wpr-particle-no wpr-jarallax-no wpr-parallax-no wpr-sticky-section-no e-con e-child\" data-id=\"0886582\" data-element_type=\"container\" data-e-type=\"container\">\n\t\t\t\t<div class=\"elementor-element elementor-element-748e175 animated-fast elementor-invisible elementor-widget elementor-widget-text-editor\" data-id=\"748e175\" data-element_type=\"widget\" data-e-type=\"widget\" data-settings=\"{&quot;_animation&quot;:&quot;fadeInUp&quot;,&quot;_animation_delay&quot;:300}\" data-widget_type=\"text-editor.default\">\n\t\t\t\t<div class=\"elementor-widget-container\">\n\t\t\t\t\t\t\t\t\t<p><span style=\"font-weight: 400;\">Par des exp\u00e9riences amusantes, en faisant manipuler du mat\u00e9riel p\u00e9dagogique, ils d\u00e9couvriront toutes les fa\u00e7ons spectaculaires de produire l\u2019\u00e9lectricit\u00e9 statique et du courant \u00e9lectrique.<\/span><\/p>\t\t\t\t\t\t\t\t<\/div>\n\t\t\t\t<\/div>\n\t\t\t\t<div class=\"elementor-element elementor-element-0932e74 elementor-widget elementor-widget-image\" data-id=\"0932e74\" data-element_type=\"widget\" data-e-type=\"widget\" data-widget_type=\"image.default\">\n\t\t\t\t<div class=\"elementor-widget-container\">\n\t\t\t\t\t\t\t\t\t\t\t\t\t\t\t<img loading=\"lazy\" decoding=\"async\" width=\"800\" height=\"454\" src=\"https:\/\/divonnelectro.fr\/wp-content\/uploads\/2025\/12\/20240915_103404-1024x581.jpg\" class=\"attachment-large size-large wp-image-217\" alt=\"\" srcset=\"https:\/\/divonnelectro.fr\/wp-content\/uploads\/2025\/12\/20240915_103404-1024x581.jpg 1024w, https:\/\/divonnelectro.fr\/wp-content\/uploads\/2025\/12\/20240915_103404-300x170.jpg 300w, https:\/\/divonnelectro.fr\/wp-content\/uploads\/2025\/12\/20240915_103404-768x436.jpg 768w, https:\/\/divonnelectro.fr\/wp-content\/uploads\/2025\/12\/20240915_103404-1536x872.jpg 1536w, https:\/\/divonnelectro.fr\/wp-content\/uploads\/2025\/12\/20240915_103404-2048x1163.jpg 2048w, https:\/\/divonnelectro.fr\/wp-content\/uploads\/2025\/12\/20240915_103404-600x341.jpg 600w\" sizes=\"auto, (max-width: 800px) 100vw, 800px\" \/>\t\t\t\t\t\t\t\t\t\t\t\t\t\t\t<\/div>\n\t\t\t\t<\/div>\n\t\t\t\t<div class=\"elementor-element elementor-element-1eb5548 animated-fast elementor-invisible elementor-widget elementor-widget-text-editor\" data-id=\"1eb5548\" data-element_type=\"widget\" data-e-type=\"widget\" data-settings=\"{&quot;_animation&quot;:&quot;fadeInUp&quot;,&quot;_animation_delay&quot;:300}\" data-widget_type=\"text-editor.default\">\n\t\t\t\t<div class=\"elementor-widget-container\">\n\t\t\t\t\t\t\t\t\t<p><span style=\"font-weight: 400;\">En conclusion, ils verront en direct la transformation de l\u2019\u00e9nergie de l\u2019eau de la Divonne-Versoix en \u00e9lectricit\u00e9 pour alimenter les ampoules gr\u00e2ce aux grosses machines centenaires remarquablement restaur\u00e9es du Moulin David.<\/span><\/p><p><span style=\"font-weight: 400;\">En alternance, un second groupe se rendra en ext\u00e9rieur le long de la Divonne-Versoix\u00a0 et de ses canaux pour faire revivre les nombreux moulins qui tournaient jadis sur les canaux de la rivi\u00e8re.<\/span><\/p>\t\t\t\t\t\t\t\t<\/div>\n\t\t\t\t<\/div>\n\t\t\t\t<\/div>\n\t\t\t\t\t<\/div>\n\t\t\t\t<\/div>\n\t\t\t\t<section class=\"elementor-section elementor-top-section elementor-element elementor-element-10686754 elementor-section-boxed elementor-section-height-default elementor-section-height-default wpr-particle-no wpr-jarallax-no wpr-parallax-no wpr-sticky-section-no\" data-id=\"10686754\" data-element_type=\"section\" data-e-type=\"section\" data-settings=\"{&quot;background_background&quot;:&quot;classic&quot;}\">\n\t\t\t\t\t\t<div class=\"elementor-container elementor-column-gap-default\">\n\t\t\t\t\t<div class=\"elementor-column elementor-col-100 elementor-top-column elementor-element elementor-element-2be9c733\" data-id=\"2be9c733\" data-element_type=\"column\" data-e-type=\"column\">\n\t\t\t<div class=\"elementor-widget-wrap elementor-element-populated\">\n\t\t\t\t\t\t<div class=\"elementor-element elementor-element-104cceb8 elementor-widget__width-initial elementor-widget elementor-widget-heading\" data-id=\"104cceb8\" data-element_type=\"widget\" data-e-type=\"widget\" data-widget_type=\"heading.default\">\n\t\t\t\t<div class=\"elementor-widget-container\">\n\t\t\t\t\t<h2 class=\"elementor-heading-title elementor-size-default\">Organisation des visites<\/h2>\t\t\t\t<\/div>\n\t\t\t\t<\/div>\n\t\t\t\t<div class=\"elementor-element elementor-element-454afc2a animated-fast elementor-invisible elementor-widget elementor-widget-text-editor\" data-id=\"454afc2a\" data-element_type=\"widget\" data-e-type=\"widget\" data-settings=\"{&quot;_animation&quot;:&quot;fadeInUp&quot;,&quot;_animation_delay&quot;:300}\" data-widget_type=\"text-editor.default\">\n\t\t\t\t<div class=\"elementor-widget-container\">\n\t\t\t\t\t\t\t\t\t<p>Ces visites concernent les \u00e9l\u00e8ves, et les enfants de Centres de Loisirs, \u00e0 partir du CE2 inclus.<\/p><p>L&rsquo;atelier se d\u00e9roule en deux s\u00e9quences de 45 minutes chacune, et dure une heure et demie + une pause de 15 minutes. Nous divisons une classe en deux groupes qui se succ\u00e8dent, l&rsquo;un en ext\u00e9rieur le long de la Divonne-Versoix pour d\u00e9couvrir l&rsquo;histoire des moulins, et l&rsquo;autre \u00e0 l&rsquo;int\u00e9rieur pour assister aux exp\u00e9riences avec des enseignants, scientifiques et ing\u00e9nieurs.<\/p><p>Il s&rsquo;agit de d\u00e9couvertes qui ne n\u00e9cessitent pas de connaissances pr\u00e9alables. Nous pouvons nous adapter aussi \u00e0 vos besoins et demandes particuli\u00e8res.<\/p><p>Une occasion pour les enfants d&rsquo;apprendre de fa\u00e7on active, de poser des questions, et de d\u00e9velopper leur go\u00fbt pour la science.<\/p><p>Pour plus de renseignements : <a href=\"mailto:info@divonnelectro.fr\">info@divonnelectro.fr<\/a><\/p>\t\t\t\t\t\t\t\t<\/div>\n\t\t\t\t<\/div>\n\t\t\t\t<div class=\"elementor-element elementor-element-670e5f13 animated-fast elementor-align-center elementor-invisible elementor-widget elementor-widget-button\" data-id=\"670e5f13\" data-element_type=\"widget\" data-e-type=\"widget\" data-settings=\"{&quot;_animation&quot;:&quot;fadeInUp&quot;,&quot;_animation_tablet&quot;:&quot;fadeInDown&quot;}\" data-widget_type=\"button.default\">\n\t\t\t\t<div class=\"elementor-widget-container\">\n\t\t\t\t\t\t\t\t\t<div class=\"elementor-button-wrapper\">\n\t\t\t\t\t<a class=\"elementor-button elementor-button-link elementor-size-sm\" href=\"mailto:info@divonnelectro.fr\">\n\t\t\t\t\t\t<span class=\"elementor-button-content-wrapper\">\n\t\t\t\t\t\t\t\t\t<span class=\"elementor-button-text\">Envoyer un mail<\/span>\n\t\t\t\t\t<\/span>\n\t\t\t\t\t<\/a>\n\t\t\t\t<\/div>\n\t\t\t\t\t\t\t\t<\/div>\n\t\t\t\t<\/div>\n\t\t\t\t\t<\/div>\n\t\t<\/div>\n\t\t\t\t\t<\/div>\n\t\t<\/section>\n\t\t\t\t<\/div>\n\t\t","protected":false},"excerpt":{"rendered":"<p>Lors de visites au Moulin David, nous avons remarqu\u00e9 l\u2019int\u00e9r\u00eat de beaucoup d\u2019enfants pour la production d\u2019\u00e9lectricit\u00e9 en live. Nous avons donc mis en place un atelier p\u00e9dagogique et ludique pour leur faire d\u00e9couvrir la magie de l\u2019\u00e9lectricit\u00e9. Enfants, professeurs et animateurs, venez nous voir! Sur place au Moulin David les b\u00e9n\u00e9voles de l\u2019association Divonnelectro pr\u00e9sentent des d\u00e9monstrations et exp\u00e9riences\u00a0 interactives sur: l\u2019eau et les moulins les transferts et conversions d\u2019\u00e9nergie, l\u2019\u00e9lectricit\u00e9 et l\u2019hydro\u00e9lectricit\u00e9.\u00a0 Initiation des jeunes \u00e0 l&rsquo;\u00e9lectricit\u00e9 et \u00e0 la m\u00e9canique des moulins De splendides maquettes interactives ont \u00e9t\u00e9 confectionn\u00e9es sp\u00e9cialement pour voir et comprendre le principe de fonctionnement\u00a0 d\u2019un moulin. Par des exp\u00e9riences amusantes, en faisant manipuler du mat\u00e9riel p\u00e9dagogique, ils d\u00e9couvriront toutes les fa\u00e7ons spectaculaires de produire l\u2019\u00e9lectricit\u00e9 statique et du courant \u00e9lectrique. En conclusion, ils verront en direct la transformation de l\u2019\u00e9nergie de l\u2019eau de la Divonne-Versoix en \u00e9lectricit\u00e9 pour alimenter les ampoules gr\u00e2ce aux grosses machines centenaires remarquablement restaur\u00e9es du Moulin David. En alternance, un second groupe se rendra en ext\u00e9rieur le long de la Divonne-Versoix\u00a0 et de ses canaux pour faire revivre les nombreux moulins qui tournaient jadis sur les canaux de la rivi\u00e8re. Organisation des visites Ces visites concernent les \u00e9l\u00e8ves, et les enfants de Centres de Loisirs, \u00e0 partir du CE2 inclus. L&rsquo;atelier se d\u00e9roule en deux s\u00e9quences de 45 minutes chacune, et dure une heure et demie + une pause de 15 minutes. Nous divisons une classe en deux groupes qui se succ\u00e8dent, l&rsquo;un en ext\u00e9rieur le long de la Divonne-Versoix pour d\u00e9couvrir l&rsquo;histoire des moulins, et l&rsquo;autre \u00e0 l&rsquo;int\u00e9rieur pour assister aux exp\u00e9riences avec des enseignants, scientifiques et ing\u00e9nieurs. Il s&rsquo;agit de d\u00e9couvertes qui ne n\u00e9cessitent pas de connaissances pr\u00e9alables. Nous pouvons nous adapter aussi \u00e0 vos besoins et demandes particuli\u00e8res. Une occasion pour les enfants d&rsquo;apprendre de fa\u00e7on active, de poser des questions, et de d\u00e9velopper leur go\u00fbt pour la science. Pour plus de renseignements : info@divonnelectro.fr Envoyer un mail<\/p>","protected":false},"author":1,"featured_media":0,"parent":0,"menu_order":0,"comment_status":"closed","ping_status":"closed","template":"","meta":{"footnotes":""},"class_list":["post-209","page","type-page","status-publish","hentry"],"_links":{"self":[{"href":"https:\/\/divonnelectro.fr\/en\/wp-json\/wp\/v2\/pages\/209","targetHints":{"allow":["GET"]}}],"collection":[{"href":"https:\/\/divonnelectro.fr\/en\/wp-json\/wp\/v2\/pages"}],"about":[{"href":"https:\/\/divonnelectro.fr\/en\/wp-json\/wp\/v2\/types\/page"}],"author":[{"embeddable":true,"href":"https:\/\/divonnelectro.fr\/en\/wp-json\/wp\/v2\/users\/1"}],"replies":[{"embeddable":true,"href":"https:\/\/divonnelectro.fr\/en\/wp-json\/wp\/v2\/comments?post=209"}],"version-history":[{"count":71,"href":"https:\/\/divonnelectro.fr\/en\/wp-json\/wp\/v2\/pages\/209\/revisions"}],"predecessor-version":[{"id":937,"href":"https:\/\/divonnelectro.fr\/en\/wp-json\/wp\/v2\/pages\/209\/revisions\/937"}],"wp:attachment":[{"href":"https:\/\/divonnelectro.fr\/en\/wp-json\/wp\/v2\/media?parent=209"}],"curies":[{"name":"wp","href":"https:\/\/api.w.org\/{rel}","templated":true}]}}