{"id":115,"date":"2025-12-21T10:33:29","date_gmt":"2025-12-21T10:33:29","guid":{"rendered":"https:\/\/divonnelectro2034.live-website.com\/?page_id=115"},"modified":"2026-04-11T13:52:52","modified_gmt":"2026-04-11T13:52:52","slug":"history","status":"publish","type":"page","link":"https:\/\/divonnelectro.fr\/en\/history\/","title":{"rendered":"History"},"content":{"rendered":"\t\t<div data-elementor-type=\"wp-page\" data-elementor-id=\"115\" class=\"elementor elementor-115\" data-elementor-post-type=\"page\">\n\t\t\t\t\t\t<section class=\"elementor-section elementor-top-section elementor-element elementor-element-6263490d elementor-section-boxed elementor-section-height-default elementor-section-height-default wpr-particle-no wpr-jarallax-no wpr-parallax-no wpr-sticky-section-no\" data-id=\"6263490d\" data-element_type=\"section\" data-e-type=\"section\" data-settings=\"{&quot;background_background&quot;:&quot;classic&quot;,&quot;background_motion_fx_motion_fx_scrolling&quot;:&quot;yes&quot;,&quot;background_motion_fx_scale_effect&quot;:&quot;yes&quot;,&quot;background_motion_fx_scale_speed&quot;:{&quot;unit&quot;:&quot;px&quot;,&quot;size&quot;:2,&quot;sizes&quot;:[]},&quot;background_motion_fx_scale_direction&quot;:&quot;out-in&quot;,&quot;background_motion_fx_scale_range&quot;:{&quot;unit&quot;:&quot;%&quot;,&quot;size&quot;:&quot;&quot;,&quot;sizes&quot;:{&quot;start&quot;:20,&quot;end&quot;:80}},&quot;background_motion_fx_devices&quot;:[&quot;desktop&quot;,&quot;tablet&quot;,&quot;mobile&quot;]}\">\n\t\t\t\t\t\t\t<div class=\"elementor-background-overlay\"><\/div>\n\t\t\t\t\t\t\t<div class=\"elementor-container elementor-column-gap-default\">\n\t\t\t\t\t<div class=\"elementor-column elementor-col-100 elementor-top-column elementor-element elementor-element-7df038b\" data-id=\"7df038b\" data-element_type=\"column\" data-e-type=\"column\">\n\t\t\t<div class=\"elementor-widget-wrap elementor-element-populated\">\n\t\t\t\t\t\t\t<\/div>\n\t\t<\/div>\n\t\t\t\t\t<\/div>\n\t\t<\/section>\n\t\t\t\t<section class=\"elementor-section elementor-top-section elementor-element elementor-element-7fea1c7b elementor-section-boxed elementor-section-height-default elementor-section-height-default wpr-particle-no wpr-jarallax-no wpr-parallax-no wpr-sticky-section-no\" data-id=\"7fea1c7b\" data-element_type=\"section\" data-e-type=\"section\" data-settings=\"{&quot;background_background&quot;:&quot;classic&quot;}\">\n\t\t\t\t\t\t<div class=\"elementor-container elementor-column-gap-default\">\n\t\t\t\t\t<div class=\"elementor-column elementor-col-100 elementor-top-column elementor-element elementor-element-78ed5fc8\" data-id=\"78ed5fc8\" data-element_type=\"column\" data-e-type=\"column\">\n\t\t\t<div class=\"elementor-widget-wrap elementor-element-populated\">\n\t\t\t\t\t\t<div class=\"elementor-element elementor-element-0bd56c0 elementor-widget__width-initial elementor-widget elementor-widget-text-editor\" data-id=\"0bd56c0\" data-element_type=\"widget\" data-e-type=\"widget\" data-widget_type=\"text-editor.default\">\n\t\t\t\t<div class=\"elementor-widget-container\">\n\t\t\t\t\t\t\t\t\t<p><style><span style=\"display: inline-block; width: 0px; overflow: hidden; line-height: 0;\" data-mce-type=\"bookmark\" class=\"mce_SELRES_start\">\ufeff<\/span>.histoire-bloc{display:flex;align-items:center;gap:40px;margin-bottom:60px;flex-wrap:wrap}.histoire-bloc.reverse{flex-direction:row-reverse}.histoire-bloc__img{flex:1 1 40%;min-width:260px}.histoire-bloc__img img{width:100%;height:auto;border-radius:6px;display:block}.histoire-bloc__text{flex:1 1 50%;min-width:260px;text-align:left}.histoire-texte-seul{margin:0 0 60px 0;text-align:left}@media(max-width:768px){.histoire-bloc,.histoire-bloc.reverse{flex-direction:column}}<\/style><\/p><div class=\"histoire-texte-seul\"><h3>En aval de sources p\u00e9rennes\u2026<\/h3><p>Le Moulin David est situ\u00e9 en plein c\u0153ur de Divonne, sur un canal de d\u00e9rivation de la Divonne-Versoix qui prend sa source \u00e0 Divonne au pied du Mont Mussy et se jette dans le Lac L\u00e9man \u00e0 Versoix (Canton de Gen\u00e8ve). Il a \u00e9t\u00e9 construit 50 m\u00e8tres en aval de quatre sources p\u00e9rennes (Barbilaine, Emma, Vidart et Ausone) sur une d\u00e9clivit\u00e9 qui permet une chute d&rsquo;eau : un endroit id\u00e9al pour faire tourner une roue hydraulique.<\/p><\/div><div class=\"histoire-bloc\"><div class=\"histoire-bloc__img\"><p><img loading=\"lazy\" decoding=\"async\" src=\"https:\/\/divonnelectro.fr\/wp-content\/uploads\/2026\/01\/PHOTO-1-Acqueduc-Divonne-2-1024x683.jpg\" alt=\"Aqueduc de Divonne\" width=\"1024\" height=\"683\" \/><em>\u00a0 \u00a0 \u00a0 \u00a0 \u00a0 \u00a0 \u00a0 \u00a0 \u00a0 \u00a0 \u00a0 \u00a0 \u00a0 \u00a0 \u00a0 \u00a0 \u00a0 \u00a0 Reconstitution au bord du lac de Divonne de l&rsquo;aqueduc romain.<\/em><\/p><\/div><div class=\"histoire-bloc__text\"><h3>\u2026 qui ont une histoire mill\u00e9naire<\/h3><p>Les Celtes y d\u00e9posaient des ex-votos en offrande \u00e0 Divona, la divinit\u00e9 des sources abondantes v\u00e9n\u00e9r\u00e9e dans toute la Gaule.<br \/>Les Romains ont capt\u00e9 la source Emma au 1er si\u00e8cle. Ils ont conduit son eau jusqu&rsquo;\u00e0 Noviodunum (Nyon), le centre urbain de la Colonia Julia Equestris, au moyen d&rsquo;un aqueduc enti\u00e8rement souterrain, long de 10 km. Un tron\u00e7on de l&rsquo;aqueduc est visible avenue de l&rsquo;aqueduc. Une reconstitution outdoor a \u00e9t\u00e9 construite au bord du lac de Divonne.<\/p><\/div><\/div><div class=\"histoire-bloc reverse\"><div class=\"histoire-bloc__img\"><img decoding=\"async\" src=\"https:\/\/divonnelectro.fr\/wp-content\/uploads\/2025\/12\/Moulin-Noel-3-046_001.jpg\" alt=\"Le Moulin David\" \/><\/div><div class=\"histoire-bloc__text\"><h3>Un moulin \u00e0 c\u00e9r\u00e9ales attest\u00e9 en 1353<\/h3><p>Un document de l&rsquo;historien Alain M\u00e9lo \u00ab Les forges de Divonne et de Mijoux entre 1350 et 1400 \u00bb mentionne en 1353 le moulin seigneurial de Divonne \u00e0 l&#8217;emplacement de l&rsquo;actuel Moulin David.<br \/><strong>Puis les moulins se sont multipli\u00e9s.<\/strong><br \/>Foulons, pressoirs, battoirs, scieries, papeteries, tourneries, forges, taillanderies, martinets, diamanteries tournaient \u00e0 Divonne au 19e si\u00e8cle. Le moulin a pris le nom de la famille David qui en \u00e9tait propri\u00e9taire. Il disposait de quatre roues \u00e0 aubes : trois sur la rive droite du canal et une autre, rive gauche qui actionnait un foulon.<\/p><\/div><\/div><div class=\"histoire-bloc\"><div class=\"histoire-bloc__img\"><img decoding=\"async\" src=\"https:\/\/divonnelectro.fr\/wp-content\/uploads\/2026\/01\/Capture-decran-2026-01-19-a-19.50.06.png\" alt=\"\u00c9tablissement hydroth\u00e9rapique 1849\" \/><\/div><div class=\"histoire-bloc__text\"><h3>1849<\/h3><p>Premier \u00e9tablissement hydroth\u00e9rapique fond\u00e9 par le Dr Paul Vidart.<\/p><\/div><\/div><div class=\"histoire-bloc reverse\"><div class=\"histoire-bloc__img\"><img loading=\"lazy\" decoding=\"async\" class=\"alignnone\" src=\"https:\/\/divonnelectro.fr\/wp-content\/uploads\/2026\/01\/PHOTO-4-Edison_Carbon_Bulb.jpg\" alt=\"Ampoule Edison 1879\" width=\"123\" height=\"185\" \/><\/div><div class=\"histoire-bloc__text\"><h3>1879<\/h3><p>Edison d\u00e9pose son brevet pour une ampoule \u00e9lectrique sous vide avec un filament durable de bambou japonais carbonis\u00e9.<\/p><\/div><\/div><div class=\"histoire-bloc\"><div class=\"histoire-bloc__img\"><img decoding=\"async\" src=\"https:\/\/divonnelectro.fr\/wp-content\/uploads\/2026\/01\/Capture-decran-2026-01-19-a-19.50.47-e1768848703922.png\" alt=\"Eug\u00e8ne Goudard 1883\" \/><\/div><div class=\"histoire-bloc__text\"><h3>1883<\/h3><p>L&rsquo;industriel Eug\u00e8ne Goudard ach\u00e8te le moulin David et les parcelles rive gauche o\u00f9 il fait construire une diamanterie dont les meules sont actionn\u00e9es par les roues du moulin.<\/p><\/div><\/div><div class=\"histoire-bloc reverse\"><div class=\"histoire-bloc__img\"><img decoding=\"async\" src=\"https:\/\/divonnelectro.fr\/wp-content\/uploads\/2026\/01\/PHOTO-6-Usine-hydroelectrique-Louis-Dumont-sur-la-Valseri-ne.jpg\" alt=\"Usine hydro\u00e9lectrique Louis Dumont 1884\" \/><\/div><div class=\"histoire-bloc__text\"><h3>1884<\/h3><p>Louis Dumont construit une usine hydro\u00e9lectrique sur la Valserine, faisant de Bellegarde la premi\u00e8re commune de France \u00e9clair\u00e9e par des ampoules \u00e9lectriques.<\/p><\/div><\/div><div class=\"histoire-bloc\"><div class=\"histoire-bloc__img\"><img decoding=\"async\" src=\"https:\/\/divonnelectro.fr\/wp-content\/uploads\/2026\/01\/PHOTO-7-2e-thermes.jpg\" alt=\"Thermes et \u00e9lectricit\u00e9 1887-1888\" \/><\/div><div class=\"histoire-bloc__text\"><h3>1887\u20131888<\/h3><p>\u00c0 son ouverture, le nouvel \u00e9tablissement hydroth\u00e9rapique est \u00e9clair\u00e9 au gaz. En 1887, la canalisation d&rsquo;amen\u00e9e du gaz s&rsquo;av\u00e8re d\u00e9fectueuse. Eug\u00e8ne Goudard (il est aussi administrateur de la Soci\u00e9t\u00e9 des Bains) met \u00e0 la disposition de la Soci\u00e9t\u00e9 des Bains la force motrice du Moulin pendant une saison, \u00e0 titre d&rsquo;essai, pour faire tourner une machine dynamo \u2014 ce qui permet d&rsquo;\u00e9clairer l&rsquo;institut hydroth\u00e9rapique et les h\u00f4tels thermaux au moyen de 250 lampes (18 bougies chacune).<br \/>Le 28 mai 1888, le Conseil d&rsquo;Administration, constatant que l&rsquo;installation de l&rsquo;\u00e9lectricit\u00e9 dans tout l&rsquo;\u00e9tablissement a donn\u00e9 de bons r\u00e9sultats, loue la force motrice du Moulin David. Le moulin est dor\u00e9navant une usine hydro\u00e9lectrique produisant du courant continu 110V. La m\u00eame ann\u00e9e, la roue hydraulique est remplac\u00e9e par deux turbines install\u00e9es dans une \u00abpiscine\u00bb.<\/p><\/div><\/div><div class=\"histoire-texte-seul\"><h3>1896<\/h3><p>La Soci\u00e9t\u00e9 des Bains ach\u00e8te le Moulin et son installation hydro\u00e9lectrique.<\/p><\/div><div class=\"histoire-texte-seul\"><h3>1901<\/h3><p>La ville de Divonne installe une usine \u00e9lectrique municipale au Pont des \u00celes.<\/p><\/div><div class=\"histoire-bloc reverse\"><div class=\"histoire-bloc__img\"><img decoding=\"async\" src=\"https:\/\/divonnelectro.fr\/wp-content\/uploads\/2026\/02\/Capture-decran-2026-02-27-a-14.11.20.png\" alt=\"Groupe convertisseur 1902\" \/><\/div><div class=\"histoire-bloc__text\"><h3>1902<\/h3><p>Installation d&rsquo;un groupe convertisseur qui transforme l&rsquo;\u00e9nergie fournie par l&rsquo;usine \u00e9lectrique municipale du Pont des \u00celes, courant continu 440V, en courant continu 110V.<\/p><\/div><\/div><div class=\"histoire-bloc\"><div class=\"histoire-bloc__img\"><img decoding=\"async\" src=\"https:\/\/divonnelectro.fr\/wp-content\/uploads\/2026\/01\/PHOTO-9-winterthur.jpg\" alt=\"Moteur thermique Winterthur 1907\" \/><\/div><div class=\"histoire-bloc__text\"><h3>1907<\/h3><p>Achat d&rsquo;un moteur thermique d&rsquo;appoint fabriqu\u00e9 \u00e0 Winterthur.<\/p><\/div><\/div><div class=\"histoire-bloc reverse\"><div class=\"histoire-bloc__img\"><img decoding=\"async\" src=\"https:\/\/divonnelectro.fr\/wp-content\/uploads\/2026\/01\/PHOTO-10-Divonne-Turbine-Francis-odt.jpg\" alt=\"Turbines Francis 1930\" \/><\/div><div class=\"histoire-bloc__text\"><h3>1930<\/h3><p>Remplacement des deux turbines Fourneyron par deux turbines Francis fabriqu\u00e9es aux Ateliers des Charmilles \u00e0 Gen\u00e8ve. L&rsquo;une d&rsquo;elles est toujours en place, en \u00e9tat de fonctionnement. L&rsquo;autre est expos\u00e9e sur la Place de l&rsquo;Office de Tourisme.<\/p><\/div><\/div><div class=\"histoire-texte-seul\"><h3>Ann\u00e9es 1940<\/h3><p>Arriv\u00e9e du courant alternatif avec les Forces Motrices de Savoie qui seront nationalis\u00e9es par EDF en 1946. L&rsquo;usine continue \u00e0 alimenter le r\u00e9seau d&rsquo;\u00e9clairage de secours du casino en courant continu jusqu&rsquo;en 1992.<\/p><\/div><div class=\"histoire-texte-seul\"><h3>1992 \/ 1993<\/h3><p>Arr\u00eat de l&rsquo;usine hydro\u00e9lectrique du Moulin David.<br \/>La ville de Divonne ach\u00e8te le Moulin David et l&rsquo;utilise comme d\u00e9barras. Elle envisage de le d\u00e9truire, y compris les machines.<\/p><\/div><div class=\"histoire-bloc\"><div class=\"histoire-bloc__img\"><img decoding=\"async\" src=\"https:\/\/divonnelectro.fr\/wp-content\/uploads\/2026\/01\/Design-sans-titre-28.png\" alt=\"Georges Leskens et l'\u00e9quipe 2001\" \/><\/div><div class=\"histoire-bloc__text\"><h3>2001<\/h3><p>Georges Leskens, ing\u00e9nieur retrait\u00e9 du CERN, d\u00e9cide de sauver l&rsquo;usine et de remettre les machines en \u00e9tat de fonctionnement. Il s&rsquo;entoure d&rsquo;ing\u00e9nieurs, techniciens et m\u00e9caniciens retrait\u00e9s du CERN, avec le m\u00e9tallier divonnais G\u00e9rard Vindret. Des Divonnais et Gessiens se joignent \u00e0 eux. La mairie de Divonne et les Services Industriels de Gen\u00e8ve apportent leur soutien. Les b\u00e9n\u00e9voles mettront douze ans pour remettre les machines en \u00e9tat de fonctionnement.<\/p><\/div><\/div><div class=\"histoire-texte-seul\"><h3>2004<\/h3><p>Cr\u00e9ation de l&rsquo;association DivonnElectro.<\/p><\/div><div class=\"histoire-bloc reverse\"><div class=\"histoire-bloc__img\"><img decoding=\"async\" src=\"https:\/\/divonnelectro.fr\/wp-content\/uploads\/2025\/12\/0-logo-patrimoine-aurhalpin-1.png\" alt=\"Prix du Patrimoine Rh\u00f4nalpin 2015\" \/><\/div><div class=\"histoire-bloc__text\"><h3>2015<\/h3><p><strong>Divonnelectro re\u00e7oit le Prix du Patrimoine Rh\u00f4nalpin.<\/strong><\/p><\/div><\/div><div class=\"histoire-texte-seul\"><h3>Depuis<\/h3><p>Acquisition de mat\u00e9riel p\u00e9dagogique pour les s\u00e9ances scolaires d&rsquo;initiation \u00e0 l&rsquo;\u00e9lectricit\u00e9. Le moulin David est dor\u00e9navant un mus\u00e9e vivant en devenir.<\/p><\/div>\t\t\t\t\t\t\t\t<\/div>\n\t\t\t\t<\/div>\n\t\t\t\t\t<\/div>\n\t\t<\/div>\n\t\t\t\t\t<\/div>\n\t\t<\/section>\n\t\t<div class=\"elementor-element elementor-element-041c72a e-flex e-con-boxed wpr-particle-no wpr-jarallax-no wpr-parallax-no wpr-sticky-section-no e-con e-parent\" data-id=\"041c72a\" data-element_type=\"container\" data-e-type=\"container\">\n\t\t\t\t\t<div class=\"e-con-inner\">\n\t\t\t\t\t<\/div>\n\t\t\t\t<\/div>\n\t\t<div class=\"elementor-element elementor-element-1db57a7 e-flex e-con-boxed wpr-particle-no wpr-jarallax-no wpr-parallax-no wpr-sticky-section-no e-con e-parent\" data-id=\"1db57a7\" data-element_type=\"container\" data-e-type=\"container\">\n\t\t\t\t\t<div class=\"e-con-inner\">\n\t\t\t\t\t<\/div>\n\t\t\t\t<\/div>\n\t\t<div class=\"elementor-element elementor-element-0084af7 e-flex e-con-boxed wpr-particle-no wpr-jarallax-no wpr-parallax-no wpr-sticky-section-no e-con e-parent\" data-id=\"0084af7\" data-element_type=\"container\" data-e-type=\"container\">\n\t\t\t\t\t<div class=\"e-con-inner\">\n\t\t\t\t\t<\/div>\n\t\t\t\t<\/div>\n\t\t\t\t<\/div>\n\t\t","protected":false},"excerpt":{"rendered":"<p>En aval de sources p\u00e9rennes\u2026 Le Moulin David est situ\u00e9 en plein c\u0153ur de Divonne, sur un canal de d\u00e9rivation de la Divonne-Versoix qui prend sa source \u00e0 Divonne au pied du Mont Mussy et se jette dans le Lac L\u00e9man \u00e0 Versoix (Canton de Gen\u00e8ve). Il a \u00e9t\u00e9 construit 50 m\u00e8tres en aval de quatre sources p\u00e9rennes (Barbilaine, Emma, Vidart et Ausone) sur une d\u00e9clivit\u00e9 qui permet une chute d&rsquo;eau : un endroit id\u00e9al pour faire tourner une roue hydraulique. \u00a0 \u00a0 \u00a0 \u00a0 \u00a0 \u00a0 \u00a0 \u00a0 \u00a0 \u00a0 \u00a0 \u00a0 \u00a0 \u00a0 \u00a0 \u00a0 \u00a0 \u00a0 Reconstitution au bord du lac de Divonne de l&rsquo;aqueduc romain. \u2026 qui ont une histoire mill\u00e9naire Les Celtes y d\u00e9posaient des ex-votos en offrande \u00e0 Divona, la divinit\u00e9 des sources abondantes v\u00e9n\u00e9r\u00e9e dans toute la Gaule.Les Romains ont capt\u00e9 la source Emma au 1er si\u00e8cle. Ils ont conduit son eau jusqu&rsquo;\u00e0 Noviodunum (Nyon), le centre urbain de la Colonia Julia Equestris, au moyen d&rsquo;un aqueduc enti\u00e8rement souterrain, long de 10 km. Un tron\u00e7on de l&rsquo;aqueduc est visible avenue de l&rsquo;aqueduc. Une reconstitution outdoor a \u00e9t\u00e9 construite au bord du lac de Divonne. Un moulin \u00e0 c\u00e9r\u00e9ales attest\u00e9 en 1353 Un document de l&rsquo;historien Alain M\u00e9lo \u00ab Les forges de Divonne et de Mijoux entre 1350 et 1400 \u00bb mentionne en 1353 le moulin seigneurial de Divonne \u00e0 l&#8217;emplacement de l&rsquo;actuel Moulin David.Puis les moulins se sont multipli\u00e9s.Foulons, pressoirs, battoirs, scieries, papeteries, tourneries, forges, taillanderies, martinets, diamanteries tournaient \u00e0 Divonne au 19e si\u00e8cle. Le moulin a pris le nom de la famille David qui en \u00e9tait propri\u00e9taire. Il disposait de quatre roues \u00e0 aubes : trois sur la rive droite du canal et une autre, rive gauche qui actionnait un foulon. 1849 Premier \u00e9tablissement hydroth\u00e9rapique fond\u00e9 par le Dr Paul Vidart. 1879 Edison d\u00e9pose son brevet pour une ampoule \u00e9lectrique sous vide avec un filament durable de bambou japonais carbonis\u00e9. 1883 L&rsquo;industriel Eug\u00e8ne Goudard ach\u00e8te le moulin David et les parcelles rive gauche o\u00f9 il fait construire une diamanterie dont les meules sont actionn\u00e9es par les roues du moulin. 1884 Louis Dumont construit une usine hydro\u00e9lectrique sur la Valserine, faisant de Bellegarde la premi\u00e8re commune de France \u00e9clair\u00e9e par des ampoules \u00e9lectriques. 1887\u20131888 \u00c0 son ouverture, le nouvel \u00e9tablissement hydroth\u00e9rapique est \u00e9clair\u00e9 au gaz. En 1887, la canalisation d&rsquo;amen\u00e9e du gaz s&rsquo;av\u00e8re d\u00e9fectueuse. Eug\u00e8ne Goudard (il est aussi administrateur de la Soci\u00e9t\u00e9 des Bains) met \u00e0 la disposition de la Soci\u00e9t\u00e9 des Bains la force motrice du Moulin pendant une saison, \u00e0 titre d&rsquo;essai, pour faire tourner une machine dynamo \u2014 ce qui permet d&rsquo;\u00e9clairer l&rsquo;institut hydroth\u00e9rapique et les h\u00f4tels thermaux au moyen de 250 lampes (18 bougies chacune).Le 28 mai 1888, le Conseil d&rsquo;Administration, constatant que l&rsquo;installation de l&rsquo;\u00e9lectricit\u00e9 dans tout l&rsquo;\u00e9tablissement a donn\u00e9 de bons r\u00e9sultats, loue la force motrice du Moulin David. Le moulin est dor\u00e9navant une usine hydro\u00e9lectrique produisant du courant continu 110V. La m\u00eame ann\u00e9e, la roue hydraulique est remplac\u00e9e par deux turbines install\u00e9es dans une \u00abpiscine\u00bb. 1896 La Soci\u00e9t\u00e9 des Bains ach\u00e8te le Moulin et son installation hydro\u00e9lectrique. 1901 La ville de Divonne installe une usine \u00e9lectrique municipale au Pont des \u00celes. 1902 Installation d&rsquo;un groupe convertisseur qui transforme l&rsquo;\u00e9nergie fournie par l&rsquo;usine \u00e9lectrique municipale du Pont des \u00celes, courant continu 440V, en courant continu 110V. 1907 Achat d&rsquo;un moteur thermique d&rsquo;appoint fabriqu\u00e9 \u00e0 Winterthur. 1930 Remplacement des deux turbines Fourneyron par deux turbines Francis fabriqu\u00e9es aux Ateliers des Charmilles \u00e0 Gen\u00e8ve. L&rsquo;une d&rsquo;elles est toujours en place, en \u00e9tat de fonctionnement. L&rsquo;autre est expos\u00e9e sur la Place de l&rsquo;Office de Tourisme. Ann\u00e9es 1940 Arriv\u00e9e du courant alternatif avec les Forces Motrices de Savoie qui seront nationalis\u00e9es par EDF en 1946. L&rsquo;usine continue \u00e0 alimenter le r\u00e9seau d&rsquo;\u00e9clairage de secours du casino en courant continu jusqu&rsquo;en 1992. 1992 \/ 1993 Arr\u00eat de l&rsquo;usine hydro\u00e9lectrique du Moulin David.La ville de Divonne ach\u00e8te le Moulin David et l&rsquo;utilise comme d\u00e9barras. Elle envisage de le d\u00e9truire, y compris les machines. 2001 Georges Leskens, ing\u00e9nieur retrait\u00e9 du CERN, d\u00e9cide de sauver l&rsquo;usine et de remettre les machines en \u00e9tat de fonctionnement. Il s&rsquo;entoure d&rsquo;ing\u00e9nieurs, techniciens et m\u00e9caniciens retrait\u00e9s du CERN, avec le m\u00e9tallier divonnais G\u00e9rard Vindret. Des Divonnais et Gessiens se joignent \u00e0 eux. La mairie de Divonne et les Services Industriels de Gen\u00e8ve apportent leur soutien. Les b\u00e9n\u00e9voles mettront douze ans pour remettre les machines en \u00e9tat de fonctionnement. 2004 Cr\u00e9ation de l&rsquo;association DivonnElectro. 2015 Divonnelectro re\u00e7oit le Prix du Patrimoine Rh\u00f4nalpin. Depuis Acquisition de mat\u00e9riel p\u00e9dagogique pour les s\u00e9ances scolaires d&rsquo;initiation \u00e0 l&rsquo;\u00e9lectricit\u00e9. Le moulin David est dor\u00e9navant un mus\u00e9e vivant en devenir.<\/p>","protected":false},"author":1,"featured_media":0,"parent":0,"menu_order":0,"comment_status":"closed","ping_status":"closed","template":"","meta":{"footnotes":""},"class_list":["post-115","page","type-page","status-publish","hentry"],"_links":{"self":[{"href":"https:\/\/divonnelectro.fr\/en\/wp-json\/wp\/v2\/pages\/115","targetHints":{"allow":["GET"]}}],"collection":[{"href":"https:\/\/divonnelectro.fr\/en\/wp-json\/wp\/v2\/pages"}],"about":[{"href":"https:\/\/divonnelectro.fr\/en\/wp-json\/wp\/v2\/types\/page"}],"author":[{"embeddable":true,"href":"https:\/\/divonnelectro.fr\/en\/wp-json\/wp\/v2\/users\/1"}],"replies":[{"embeddable":true,"href":"https:\/\/divonnelectro.fr\/en\/wp-json\/wp\/v2\/comments?post=115"}],"version-history":[{"count":138,"href":"https:\/\/divonnelectro.fr\/en\/wp-json\/wp\/v2\/pages\/115\/revisions"}],"predecessor-version":[{"id":947,"href":"https:\/\/divonnelectro.fr\/en\/wp-json\/wp\/v2\/pages\/115\/revisions\/947"}],"wp:attachment":[{"href":"https:\/\/divonnelectro.fr\/en\/wp-json\/wp\/v2\/media?parent=115"}],"curies":[{"name":"wp","href":"https:\/\/api.w.org\/{rel}","templated":true}]}}